{"id":2494,"date":"2023-04-24T04:44:23","date_gmt":"2023-04-24T04:44:23","guid":{"rendered":"https:\/\/cozystay.loftocean.com\/mountain-hotel\/?page_id=11"},"modified":"2026-02-04T20:37:39","modified_gmt":"2026-02-04T19:37:39","slug":"services","status":"publish","type":"page","link":"https:\/\/test-design.kreacija.si\/?page_id=2494","title":{"rendered":"Informacije"},"content":{"rendered":"\t\t<div data-elementor-type=\"wp-page\" data-elementor-id=\"2494\" class=\"elementor elementor-2494\">\n\t\t\t\t\t\t<section class=\"elementor-section elementor-top-section elementor-element elementor-element-37a9ee00 elementor-section-height-min-height cs-section-content-fullwidth cs-parallax-on-scroll cs_scroll_y_80 elementor-section-boxed elementor-section-height-default elementor-section-items-middle\" data-id=\"37a9ee00\" data-element_type=\"section\" data-settings=\"{&quot;background_background&quot;:&quot;classic&quot;}\" data-cs-parallax-y=\"80\" style=\"background-image: none;\" data-cs-background-image=\"https:\/\/test-design.kreacija.si\/wp-content\/uploads\/2023\/04\/marvin-meyer-fBdlytm6Hp8-unsplash-3.jpg\" data-cs-background-image-alt-text=\"\">\n\t\t\t\t\t\t\t<div class=\"elementor-background-overlay\"><\/div>\n\t\t\t\t\t\t\t<div class=\"elementor-container elementor-column-gap-no\">\n\t\t\t\t\t<div class=\"elementor-column elementor-col-100 elementor-top-column elementor-element elementor-element-15fdd655 dark-color\" data-id=\"15fdd655\" data-element_type=\"column\">\n\t\t\t<div class=\"elementor-widget-wrap elementor-element-populated\">\n\t\t\t\t\t\t<div class=\"elementor-element elementor-element-6737abeb elementor-widget elementor-widget-cs_title\" data-id=\"6737abeb\" data-element_type=\"widget\" data-widget_type=\"cs_title.default\">\n\t\t\t\t<div class=\"elementor-widget-container\">\n\t\t\t\t\t\n        <div class=\"cs-title-wrap text-center\">\t            <div class=\"cs-subtitle-wrap\"><span class=\"cs-subtitle color-white\">Dobrodo\u0161li v apartmajih Emend\u200b<\/span><\/div>\t            <h1 class=\"cs-title\">\n\t                Splo\u0161ne informacije\t            <\/h1>\t            <div class=\"cs-title-text\">\n\t                <p>Na\u0161e vodilo sta skrb za dobro po\u010dutje in prijetna izku\u0161nja vsakega gosta zato smo za vas smo pripravili osnovne informacije o nastanitvi in hi\u0161na pravila. \u010ce potrebujete dodatne informacije, smo vam vedno z veseljem na voljo.<\/p>\t            <\/div>        <\/div>\t\t\t\t<\/div>\n\t\t\t\t<\/div>\n\t\t\t\t\t<\/div>\n\t\t<\/div>\n\t\t\t\t\t<\/div>\n\t\t<\/section>\n\t\t\t\t<section class=\"elementor-section elementor-top-section elementor-element elementor-element-112fc48 cs-section-content-fullwidth elementor-section-boxed elementor-section-height-default elementor-section-height-default\" data-id=\"112fc48\" data-element_type=\"section\" data-settings=\"{&quot;background_background&quot;:&quot;classic&quot;}\">\n\t\t\t\t\t\t<div class=\"elementor-container elementor-column-gap-no\">\n\t\t\t\t\t<div class=\"elementor-column elementor-col-50 elementor-top-column elementor-element elementor-element-9e8c50f\" data-id=\"9e8c50f\" data-element_type=\"column\">\n\t\t\t<div class=\"elementor-widget-wrap elementor-element-populated\">\n\t\t\t\t\t\t<div class=\"elementor-element elementor-element-9f80522 elementor-widget elementor-widget-cs_title\" data-id=\"9f80522\" data-element_type=\"widget\" data-widget_type=\"cs_title.default\">\n\t\t\t\t<div class=\"elementor-widget-container\">\n\t\t\t\t\t\n        <div class=\"cs-title-wrap\">\t            <div class=\"cs-subtitle-wrap\"><span class=\"cs-subtitle\">informacijah glede va\u0161ega bivanja<\/span><\/div>\t            <h6 class=\"cs-title\">\n\t                Za vsa vpra\u0161anja ali pomo\u010d smo vam na voljo na \u0161tevilki\t            <\/h6>        <\/div>\t\t\t\t<\/div>\n\t\t\t\t<\/div>\n\t\t\t\t<div class=\"elementor-element elementor-element-273241d elementor-position-inline-start elementor-view-default elementor-widget elementor-widget-icon-box\" data-id=\"273241d\" data-element_type=\"widget\" data-widget_type=\"icon-box.default\">\n\t\t\t\t\t\t\t<div class=\"elementor-icon-box-wrapper\">\n\n\t\t\t\t\t\t<div class=\"elementor-icon-box-icon\">\n\t\t\t\t<span  class=\"elementor-icon\">\n\t\t\t\t<svg aria-hidden=\"true\" class=\"e-font-icon-svg e-fas-phone-alt\" viewBox=\"0 0 512 512\" xmlns=\"http:\/\/www.w3.org\/2000\/svg\"><path d=\"M497.39 361.8l-112-48a24 24 0 0 0-28 6.9l-49.6 60.6A370.66 370.66 0 0 1 130.6 204.11l60.6-49.6a23.94 23.94 0 0 0 6.9-28l-48-112A24.16 24.16 0 0 0 122.6.61l-104 24A24 24 0 0 0 0 48c0 256.5 207.9 464 464 464a24 24 0 0 0 23.4-18.6l24-104a24.29 24.29 0 0 0-14.01-27.6z\"><\/path><\/svg>\t\t\t\t<\/span>\n\t\t\t<\/div>\n\t\t\t\n\t\t\t\t\t\t<div class=\"elementor-icon-box-content\">\n\n\t\t\t\t\t\t\t\t\t<div class=\"elementor-icon-box-title\">\n\t\t\t\t\t\t<span  >\n\t\t\t\t\t\t\ttelefon, WhatsApp ali Viber\t\t\t\t\t\t<\/span>\n\t\t\t\t\t<\/div>\n\t\t\t\t\n\t\t\t\t\t\t\t\t\t<p class=\"elementor-icon-box-description\">\n\t\t\t\t\t\t+386 3 759 00 90\t\t\t\t\t<\/p>\n\t\t\t\t\n\t\t\t<\/div>\n\t\t\t\n\t\t<\/div>\n\t\t\t\t\t\t<\/div>\n\t\t\t\t\t<\/div>\n\t\t<\/div>\n\t\t\t\t<div class=\"elementor-column elementor-col-50 elementor-top-column elementor-element elementor-element-59367d8\" data-id=\"59367d8\" data-element_type=\"column\">\n\t\t\t<div class=\"elementor-widget-wrap elementor-element-populated\">\n\t\t\t\t\t\t<div class=\"elementor-element elementor-element-5605aad elementor-widget elementor-widget-toggle\" data-id=\"5605aad\" data-element_type=\"widget\" data-widget_type=\"toggle.default\">\n\t\t\t\t\t\t\t<div class=\"elementor-toggle\">\n\t\t\t\t\t\t\t<div class=\"elementor-toggle-item\">\n\t\t\t\t\t<h5 id=\"elementor-tab-title-9021\" class=\"elementor-tab-title\" data-tab=\"1\" role=\"button\" aria-controls=\"elementor-tab-content-9021\" aria-expanded=\"false\">\n\t\t\t\t\t\t\t\t\t\t\t\t<span class=\"elementor-toggle-icon elementor-toggle-icon-right\" aria-hidden=\"true\">\n\t\t\t\t\t\t\t\t\t\t\t\t\t\t\t<span class=\"elementor-toggle-icon-closed\"><svg class=\"e-font-icon-svg e-fas-plus\" viewBox=\"0 0 448 512\" xmlns=\"http:\/\/www.w3.org\/2000\/svg\"><path d=\"M416 208H272V64c0-17.67-14.33-32-32-32h-32c-17.67 0-32 14.33-32 32v144H32c-17.67 0-32 14.33-32 32v32c0 17.67 14.33 32 32 32h144v144c0 17.67 14.33 32 32 32h32c17.67 0 32-14.33 32-32V304h144c17.67 0 32-14.33 32-32v-32c0-17.67-14.33-32-32-32z\"><\/path><\/svg><\/span>\n\t\t\t\t\t\t\t\t<span class=\"elementor-toggle-icon-opened\"><svg class=\"elementor-toggle-icon-opened e-font-icon-svg e-fas-minus\" viewBox=\"0 0 448 512\" xmlns=\"http:\/\/www.w3.org\/2000\/svg\"><path d=\"M416 208H32c-17.67 0-32 14.33-32 32v32c0 17.67 14.33 32 32 32h384c17.67 0 32-14.33 32-32v-32c0-17.67-14.33-32-32-32z\"><\/path><\/svg><\/span>\n\t\t\t\t\t\t\t\t\t\t\t\t\t<\/span>\n\t\t\t\t\t\t\t\t\t\t\t\t<a class=\"elementor-toggle-title\" tabindex=\"0\">Koristne informacije za prijetno bivanje v Apartmajih Emend<\/a>\n\t\t\t\t\t<\/h5>\n\n\t\t\t\t\t<div id=\"elementor-tab-content-9021\" class=\"elementor-tab-content elementor-clearfix\" data-tab=\"1\" role=\"region\" aria-labelledby=\"elementor-tab-title-9021\"><p>Ob prihodu vas prosimo za <strong>poravnavo turisti\u010dne takse<\/strong>.<\/p><p><strong>Prijava<\/strong> je mogo\u010da med <strong>14.00 in 22.00<\/strong>, <strong>odjava<\/strong> pa najkasneje do <strong>10.00<\/strong>.<\/p><p>\u010ce na\u010drtujete prihod po 22. uri, vas prosimo, da nas o tem predhodno obvestite.<\/p><p>No\u010dni mir velja med <strong>22.00 in 6.00<\/strong>.<\/p><p>Pred va\u0161im prihodom poskrbimo, da je apartma <strong>temeljito o\u010di\u0161\u010den in pripravljen<\/strong>.<\/p><p>Osebje vstopa v apartmaje le po predhodnem dogovoru ali pisnem dovoljenju gosta. Izjema so nujni primeri, \u010di\u0161\u010denje ter menjava posteljnine in brisa\u010d. Vstop je mogo\u010d tudi, kadar obstaja utemeljen razlog za za\u0161\u010dito gosta ali prostora.<\/p><p>Po dogovoru so na voljo <strong>dodatna le\u017ei\u0161\u010da in odeje<\/strong>.<\/p><p>Med bivanjem vas prosimo za <strong>skrbno ravnanje z vodo in elektriko<\/strong> ter spo\u0161tljivo uporabo prostorov in opreme.<\/p><p>Gost je odgovoren za morebitno \u0161kodo, nastalo po njegovi krivdi ali krivdi oseb, za katere odgovarja, ter je dol\u017ean stro\u0161ke poravnati.<\/p><p>Parkiranje je brezpla\u010dno na ozna\u010denih javnih povr\u0161inah v bli\u017eini nastanitve.<\/p><\/div>\n\t\t\t\t<\/div>\n\t\t\t\t\t\t\t<div class=\"elementor-toggle-item\">\n\t\t\t\t\t<h5 id=\"elementor-tab-title-9022\" class=\"elementor-tab-title\" data-tab=\"2\" role=\"button\" aria-controls=\"elementor-tab-content-9022\" aria-expanded=\"false\">\n\t\t\t\t\t\t\t\t\t\t\t\t<span class=\"elementor-toggle-icon elementor-toggle-icon-right\" aria-hidden=\"true\">\n\t\t\t\t\t\t\t\t\t\t\t\t\t\t\t<span class=\"elementor-toggle-icon-closed\"><svg class=\"e-font-icon-svg e-fas-plus\" viewBox=\"0 0 448 512\" xmlns=\"http:\/\/www.w3.org\/2000\/svg\"><path d=\"M416 208H272V64c0-17.67-14.33-32-32-32h-32c-17.67 0-32 14.33-32 32v144H32c-17.67 0-32 14.33-32 32v32c0 17.67 14.33 32 32 32h144v144c0 17.67 14.33 32 32 32h32c17.67 0 32-14.33 32-32V304h144c17.67 0 32-14.33 32-32v-32c0-17.67-14.33-32-32-32z\"><\/path><\/svg><\/span>\n\t\t\t\t\t\t\t\t<span class=\"elementor-toggle-icon-opened\"><svg class=\"elementor-toggle-icon-opened e-font-icon-svg e-fas-minus\" viewBox=\"0 0 448 512\" xmlns=\"http:\/\/www.w3.org\/2000\/svg\"><path d=\"M416 208H32c-17.67 0-32 14.33-32 32v32c0 17.67 14.33 32 32 32h384c17.67 0 32-14.33 32-32v-32c0-17.67-14.33-32-32-32z\"><\/path><\/svg><\/span>\n\t\t\t\t\t\t\t\t\t\t\t\t\t<\/span>\n\t\t\t\t\t\t\t\t\t\t\t\t<a class=\"elementor-toggle-title\" tabindex=\"0\">Hi\u0161na pravila<\/a>\n\t\t\t\t\t<\/h5>\n\n\t\t\t\t\t<div id=\"elementor-tab-content-9022\" class=\"elementor-tab-content elementor-clearfix\" data-tab=\"2\" role=\"region\" aria-labelledby=\"elementor-tab-title-9022\"><p>Z nastanitvijo ravnajte skrbno in odgovorno.<\/p><p>Kajenje je v vseh notranjih prostorih prepovedano, skladno s slovensko zakonodajo.<\/p><p>Organiziranje zabav ali drugih dogodkov v apartmajih ni dovoljeno.<\/p><p>Prosimo za lo\u010devanje odpadkov (splo\u0161ni odpadki, plastika, papir, steklo).\u00a0<\/p><p>Ob odhodu iz apartmaja zaprite okna, zaprite vodo in izklopite elektri\u010dne naprave, ki niso v uporabi.\u00a0<\/p><p>No\u010dni mir velja med <strong>22.00 in 6.00<\/strong>.<\/p><\/div>\n\t\t\t\t<\/div>\n\t\t\t\t\t\t\t<div class=\"elementor-toggle-item\">\n\t\t\t\t\t<h5 id=\"elementor-tab-title-9023\" class=\"elementor-tab-title\" data-tab=\"3\" role=\"button\" aria-controls=\"elementor-tab-content-9023\" aria-expanded=\"false\">\n\t\t\t\t\t\t\t\t\t\t\t\t<span class=\"elementor-toggle-icon elementor-toggle-icon-right\" aria-hidden=\"true\">\n\t\t\t\t\t\t\t\t\t\t\t\t\t\t\t<span class=\"elementor-toggle-icon-closed\"><svg class=\"e-font-icon-svg e-fas-plus\" viewBox=\"0 0 448 512\" xmlns=\"http:\/\/www.w3.org\/2000\/svg\"><path d=\"M416 208H272V64c0-17.67-14.33-32-32-32h-32c-17.67 0-32 14.33-32 32v144H32c-17.67 0-32 14.33-32 32v32c0 17.67 14.33 32 32 32h144v144c0 17.67 14.33 32 32 32h32c17.67 0 32-14.33 32-32V304h144c17.67 0 32-14.33 32-32v-32c0-17.67-14.33-32-32-32z\"><\/path><\/svg><\/span>\n\t\t\t\t\t\t\t\t<span class=\"elementor-toggle-icon-opened\"><svg class=\"elementor-toggle-icon-opened e-font-icon-svg e-fas-minus\" viewBox=\"0 0 448 512\" xmlns=\"http:\/\/www.w3.org\/2000\/svg\"><path d=\"M416 208H32c-17.67 0-32 14.33-32 32v32c0 17.67 14.33 32 32 32h384c17.67 0 32-14.33 32-32v-32c0-17.67-14.33-32-32-32z\"><\/path><\/svg><\/span>\n\t\t\t\t\t\t\t\t\t\t\t\t\t<\/span>\n\t\t\t\t\t\t\t\t\t\t\t\t<a class=\"elementor-toggle-title\" tabindex=\"0\">Pla\u010dila in turisti\u010dna taksa<\/a>\n\t\t\t\t\t<\/h5>\n\n\t\t\t\t\t<div id=\"elementor-tab-content-9023\" class=\"elementor-tab-content elementor-clearfix\" data-tab=\"3\" role=\"region\" aria-labelledby=\"elementor-tab-title-9023\"><p>Pla\u010dilo za izbrano nastanitev je mogo\u010de poravnati z nakazilom na ban\u010dni ra\u010dun podjetja Emend d.o.o., ob prihodu z gotovino ali s kreditno kartico pri spletni rezervaciji preko prek platform <span tabindex=\"0\" role=\"button\" data-url=\"https:\/\/Booking.com\" aria-label=\"Booking.com, this will take you to booking.com\">Booking.com <\/span> in Airbnb.<\/p><p>Turisti\u010dna in promocijska taksa nista vklju\u010deni v ceno najema in se poravnata ob prihodu.<\/p><h3><strong>Turisti\u010dna taksa \u2013 Slovenske Konjice<\/strong><\/h3><p>\u2022 Odrasli (18+): <strong>2,50 EUR na osebo na no\u010d<\/strong><\/p><p>\u2022 Otroci (7\u201317,99 let): <strong>1,25 EUR na osebo na no\u010d<\/strong><\/p><p>\u2022 Otroci (0\u20136,99 let): <strong>opro\u0161\u010deni pla\u010dila<\/strong><\/p><\/div>\n\t\t\t\t<\/div>\n\t\t\t\t\t\t\t<div class=\"elementor-toggle-item\">\n\t\t\t\t\t<h5 id=\"elementor-tab-title-9024\" class=\"elementor-tab-title\" data-tab=\"4\" role=\"button\" aria-controls=\"elementor-tab-content-9024\" aria-expanded=\"false\">\n\t\t\t\t\t\t\t\t\t\t\t\t<span class=\"elementor-toggle-icon elementor-toggle-icon-right\" aria-hidden=\"true\">\n\t\t\t\t\t\t\t\t\t\t\t\t\t\t\t<span class=\"elementor-toggle-icon-closed\"><svg class=\"e-font-icon-svg e-fas-plus\" viewBox=\"0 0 448 512\" xmlns=\"http:\/\/www.w3.org\/2000\/svg\"><path d=\"M416 208H272V64c0-17.67-14.33-32-32-32h-32c-17.67 0-32 14.33-32 32v144H32c-17.67 0-32 14.33-32 32v32c0 17.67 14.33 32 32 32h144v144c0 17.67 14.33 32 32 32h32c17.67 0 32-14.33 32-32V304h144c17.67 0 32-14.33 32-32v-32c0-17.67-14.33-32-32-32z\"><\/path><\/svg><\/span>\n\t\t\t\t\t\t\t\t<span class=\"elementor-toggle-icon-opened\"><svg class=\"elementor-toggle-icon-opened e-font-icon-svg e-fas-minus\" viewBox=\"0 0 448 512\" xmlns=\"http:\/\/www.w3.org\/2000\/svg\"><path d=\"M416 208H32c-17.67 0-32 14.33-32 32v32c0 17.67 14.33 32 32 32h384c17.67 0 32-14.33 32-32v-32c0-17.67-14.33-32-32-32z\"><\/path><\/svg><\/span>\n\t\t\t\t\t\t\t\t\t\t\t\t\t<\/span>\n\t\t\t\t\t\t\t\t\t\t\t\t<a class=\"elementor-toggle-title\" tabindex=\"0\">Politika odpovedi<\/a>\n\t\t\t\t\t<\/h5>\n\n\t\t\t\t\t<div id=\"elementor-tab-content-9024\" class=\"elementor-tab-content elementor-clearfix\" data-tab=\"4\" role=\"region\" aria-labelledby=\"elementor-tab-title-9024\"><p>Rezervacijo lahko brez stro\u0161kov odpoveste do <strong>5 dni pred predvidenim prihodom<\/strong>.<\/p><p>V primeru neprihoda ali odpovedi po tem roku se zara\u010duna <strong>100 % vrednosti rezervacije<\/strong>.<\/p><\/div>\n\t\t\t\t<\/div>\n\t\t\t\t\t\t\t\t<\/div>\n\t\t\t\t\t\t<\/div>\n\t\t\t\t\t<\/div>\n\t\t<\/div>\n\t\t\t\t\t<\/div>\n\t\t<\/section>\n\t\t\t\t<section class=\"elementor-section elementor-top-section elementor-element elementor-element-4e10df1 cs-section-content-fullwidth elementor-section-boxed elementor-section-height-default elementor-section-height-default\" data-id=\"4e10df1\" data-element_type=\"section\" data-settings=\"{&quot;background_background&quot;:&quot;classic&quot;}\">\n\t\t\t\t\t\t<div class=\"elementor-container elementor-column-gap-no\">\n\t\t\t\t\t<div class=\"elementor-column elementor-col-100 elementor-top-column elementor-element elementor-element-99129e7\" data-id=\"99129e7\" data-element_type=\"column\">\n\t\t\t<div class=\"elementor-widget-wrap elementor-element-populated\">\n\t\t\t\t\t\t<div class=\"elementor-element elementor-element-eb45c21 elementor-widget elementor-widget-cs_title\" data-id=\"eb45c21\" data-element_type=\"widget\" data-widget_type=\"cs_title.default\">\n\t\t\t\t<div class=\"elementor-widget-container\">\n\t\t\t\t\t\n        <div class=\"cs-title-wrap text-center\">\t            <div class=\"cs-subtitle-wrap\"><span class=\"cs-subtitle\">Navodila za pot<\/span><\/div>\t            <h4 class=\"cs-title\">\n\t                Hiter dostop do na\u0161e lokacije\t            <\/h4>        <\/div>\t\t\t\t<\/div>\n\t\t\t\t<\/div>\n\t\t\t\t\t<\/div>\n\t\t<\/div>\n\t\t\t\t\t<\/div>\n\t\t<\/section>\n\t\t<div class=\"elementor-element elementor-element-dfd7e50 e-con-full e-flex e-con e-parent\" data-id=\"dfd7e50\" data-element_type=\"container\">\n\t\t\t\t<div class=\"elementor-element elementor-element-6107d3b elementor-widget elementor-widget-google_maps\" data-id=\"6107d3b\" data-element_type=\"widget\" data-widget_type=\"google_maps.default\">\n\t\t\t\t\t\t\t<div class=\"elementor-custom-embed\">\n\t\t\t<iframe loading=\"lazy\"\n\t\t\t\t\tsrc=\"https:\/\/maps.google.com\/maps?q=Liptovska%20cesta%2038b%2C%203210%20Slovenske%20Konjice&#038;t=m&#038;z=10&#038;output=embed&#038;iwloc=near\"\n\t\t\t\t\ttitle=\"Liptovska cesta 38b, 3210 Slovenske Konjice\"\n\t\t\t\t\taria-label=\"Liptovska cesta 38b, 3210 Slovenske Konjice\"\n\t\t\t><\/iframe>\n\t\t<\/div>\n\t\t\t\t\t\t<\/div>\n\t\t\t\t<\/div>\n\t\t\t\t<\/div>\n\t\t","protected":false},"excerpt":{"rendered":"<p>Dobrodo\u0161li v apartmajih Emend\u200b Splo\u0161ne informacije Na\u0161e vodilo sta skrb za dobro po\u010dutje in prijetna izku\u0161nja vsakega gosta zato smo za vas smo pripravili osnovne informacije o nastanitvi in hi\u0161na pravila. \u010ce potrebujete dodatne informacije, smo vam vedno z veseljem na voljo. informacijah glede va\u0161ega bivanja Za vsa vpra\u0161anja ali pomo\u010d smo vam na voljo &#8230;<\/p>\n","protected":false},"author":1,"featured_media":0,"parent":0,"menu_order":0,"comment_status":"closed","ping_status":"closed","template":"template-wide-content.php","meta":{"cozystay_single_page_hide_site_header":"","cozystay_single_page_site_header_source":"","cozystay_single_page_custom_site_header":"0","cozystay_single_page_custom_sticky_site_header":"0","cozystay_single_page_hide_page_title":"on","cozystay_single_page_header_section_size":"","cozystay_single_page_header_background_color":"","cozystay_single_page_header_background_position_x":"center","cozystay_single_page_header_background_position_y":"center","cozystay_single_page_header_background_size":"cover","cozystay_single_page_header_background_repeat":"off","cozystay_single_page_header_background_scroll":"on","cozystay_single_page_header_text_color":"","cozystay_single_page_header_show_breadcrumb":"","cozystay_single_page_site_footer_hide_main":"","cozystay_single_custom_site_footer_main_source":"","cozystay_single_custom_site_footer_main":"0","cozystay_single_page_site_footer_hide_above":"","cozystay_single_custom_site_footer_above_source":"","cozystay_single_custom_site_footer_above":"0","cozystay_single_page_site_footer_hide_instagram":"","cozystay_single_page_site_footer_hide_bottom":"","cozystay_single_custom_mobile_menu_source":"","cozystay_single_custom_mobile_menu":"0","cozystay_single_custom_mobile_menu_animation":"","cozystay_single_custom_mobile_menu_width":"","cozystay_single_custom_mobile_menu_custom_width":375,"footnotes":""},"class_list":["post-2494","page","type-page","status-publish","hentry"],"yoast_head":"<!-- This site is optimized with the Yoast SEO plugin v26.8 - https:\/\/yoast.com\/product\/yoast-seo-wordpress\/ -->\n<title>Informacije - Apartmaji Emend<\/title>\n<meta name=\"robots\" content=\"index, follow, max-snippet:-1, max-image-preview:large, max-video-preview:-1\" \/>\n<link rel=\"canonical\" href=\"https:\/\/test-design.kreacija.si\/?page_id=2494\" \/>\n<meta property=\"og:locale\" content=\"sl_SI\" \/>\n<meta property=\"og:type\" content=\"article\" \/>\n<meta property=\"og:title\" content=\"Informacije - Apartmaji Emend\" \/>\n<meta property=\"og:description\" content=\"Dobrodo\u0161li v apartmajih Emend\u200b Splo\u0161ne informacije Na\u0161e vodilo sta skrb za dobro po\u010dutje in prijetna izku\u0161nja vsakega gosta zato smo za vas smo pripravili osnovne informacije o nastanitvi in hi\u0161na pravila. \u010ce potrebujete dodatne informacije, smo vam vedno z veseljem na voljo. informacijah glede va\u0161ega bivanja Za vsa vpra\u0161anja ali pomo\u010d smo vam na voljo ...\" \/>\n<meta property=\"og:url\" content=\"https:\/\/test-design.kreacija.si\/?page_id=2494\" \/>\n<meta property=\"og:site_name\" content=\"Apartmaji Emend\" \/>\n<meta property=\"article:modified_time\" content=\"2026-02-04T19:37:39+00:00\" \/>\n<meta name=\"twitter:card\" content=\"summary_large_image\" \/>\n<meta name=\"twitter:label1\" content=\"Est. reading time\" \/>\n\t<meta name=\"twitter:data1\" content=\"1 minuta\" \/>\n<script type=\"application\/ld+json\" class=\"yoast-schema-graph\">{\"@context\":\"https:\/\/schema.org\",\"@graph\":[{\"@type\":\"WebPage\",\"@id\":\"https:\/\/test-design.kreacija.si\/?page_id=2494\",\"url\":\"https:\/\/test-design.kreacija.si\/?page_id=2494\",\"name\":\"Informacije - Apartmaji Emend\",\"isPartOf\":{\"@id\":\"https:\/\/test-design.kreacija.si\/#website\"},\"datePublished\":\"2023-04-24T04:44:23+00:00\",\"dateModified\":\"2026-02-04T19:37:39+00:00\",\"breadcrumb\":{\"@id\":\"https:\/\/test-design.kreacija.si\/?page_id=2494#breadcrumb\"},\"inLanguage\":\"sl-SI\",\"potentialAction\":[{\"@type\":\"ReadAction\",\"target\":[\"https:\/\/test-design.kreacija.si\/?page_id=2494\"]}]},{\"@type\":\"BreadcrumbList\",\"@id\":\"https:\/\/test-design.kreacija.si\/?page_id=2494#breadcrumb\",\"itemListElement\":[{\"@type\":\"ListItem\",\"position\":1,\"name\":\"Home\",\"item\":\"https:\/\/test-design.kreacija.si\/\"},{\"@type\":\"ListItem\",\"position\":2,\"name\":\"Informacije\"}]},{\"@type\":\"WebSite\",\"@id\":\"https:\/\/test-design.kreacija.si\/#website\",\"url\":\"https:\/\/test-design.kreacija.si\/\",\"name\":\"Apartmaji Emend\",\"description\":\"\",\"publisher\":{\"@id\":\"https:\/\/test-design.kreacija.si\/#organization\"},\"potentialAction\":[{\"@type\":\"SearchAction\",\"target\":{\"@type\":\"EntryPoint\",\"urlTemplate\":\"https:\/\/test-design.kreacija.si\/?s={search_term_string}\"},\"query-input\":{\"@type\":\"PropertyValueSpecification\",\"valueRequired\":true,\"valueName\":\"search_term_string\"}}],\"inLanguage\":\"sl-SI\"},{\"@type\":\"Organization\",\"@id\":\"https:\/\/test-design.kreacija.si\/#organization\",\"name\":\"Apartmaji Emend\",\"url\":\"https:\/\/test-design.kreacija.si\/\",\"logo\":{\"@type\":\"ImageObject\",\"inLanguage\":\"sl-SI\",\"@id\":\"https:\/\/test-design.kreacija.si\/#\/schema\/logo\/image\/\",\"url\":\"https:\/\/test-design.kreacija.si\/wp-content\/uploads\/2023\/04\/logo-3-1.png\",\"contentUrl\":\"https:\/\/test-design.kreacija.si\/wp-content\/uploads\/2023\/04\/logo-3-1.png\",\"width\":457,\"height\":91,\"caption\":\"Apartmaji Emend\"},\"image\":{\"@id\":\"https:\/\/test-design.kreacija.si\/#\/schema\/logo\/image\/\"}}]}<\/script>\n<!-- \/ Yoast SEO plugin. -->","yoast_head_json":{"title":"Informacije - Apartmaji Emend","robots":{"index":"index","follow":"follow","max-snippet":"max-snippet:-1","max-image-preview":"max-image-preview:large","max-video-preview":"max-video-preview:-1"},"canonical":"https:\/\/test-design.kreacija.si\/?page_id=2494","og_locale":"sl_SI","og_type":"article","og_title":"Informacije - Apartmaji Emend","og_description":"Dobrodo\u0161li v apartmajih Emend\u200b Splo\u0161ne informacije Na\u0161e vodilo sta skrb za dobro po\u010dutje in prijetna izku\u0161nja vsakega gosta zato smo za vas smo pripravili osnovne informacije o nastanitvi in hi\u0161na pravila. \u010ce potrebujete dodatne informacije, smo vam vedno z veseljem na voljo. informacijah glede va\u0161ega bivanja Za vsa vpra\u0161anja ali pomo\u010d smo vam na voljo ...","og_url":"https:\/\/test-design.kreacija.si\/?page_id=2494","og_site_name":"Apartmaji Emend","article_modified_time":"2026-02-04T19:37:39+00:00","twitter_card":"summary_large_image","twitter_misc":{"Est. reading time":"1 minuta"},"schema":{"@context":"https:\/\/schema.org","@graph":[{"@type":"WebPage","@id":"https:\/\/test-design.kreacija.si\/?page_id=2494","url":"https:\/\/test-design.kreacija.si\/?page_id=2494","name":"Informacije - Apartmaji Emend","isPartOf":{"@id":"https:\/\/test-design.kreacija.si\/#website"},"datePublished":"2023-04-24T04:44:23+00:00","dateModified":"2026-02-04T19:37:39+00:00","breadcrumb":{"@id":"https:\/\/test-design.kreacija.si\/?page_id=2494#breadcrumb"},"inLanguage":"sl-SI","potentialAction":[{"@type":"ReadAction","target":["https:\/\/test-design.kreacija.si\/?page_id=2494"]}]},{"@type":"BreadcrumbList","@id":"https:\/\/test-design.kreacija.si\/?page_id=2494#breadcrumb","itemListElement":[{"@type":"ListItem","position":1,"name":"Home","item":"https:\/\/test-design.kreacija.si\/"},{"@type":"ListItem","position":2,"name":"Informacije"}]},{"@type":"WebSite","@id":"https:\/\/test-design.kreacija.si\/#website","url":"https:\/\/test-design.kreacija.si\/","name":"Apartmaji Emend","description":"","publisher":{"@id":"https:\/\/test-design.kreacija.si\/#organization"},"potentialAction":[{"@type":"SearchAction","target":{"@type":"EntryPoint","urlTemplate":"https:\/\/test-design.kreacija.si\/?s={search_term_string}"},"query-input":{"@type":"PropertyValueSpecification","valueRequired":true,"valueName":"search_term_string"}}],"inLanguage":"sl-SI"},{"@type":"Organization","@id":"https:\/\/test-design.kreacija.si\/#organization","name":"Apartmaji Emend","url":"https:\/\/test-design.kreacija.si\/","logo":{"@type":"ImageObject","inLanguage":"sl-SI","@id":"https:\/\/test-design.kreacija.si\/#\/schema\/logo\/image\/","url":"https:\/\/test-design.kreacija.si\/wp-content\/uploads\/2023\/04\/logo-3-1.png","contentUrl":"https:\/\/test-design.kreacija.si\/wp-content\/uploads\/2023\/04\/logo-3-1.png","width":457,"height":91,"caption":"Apartmaji Emend"},"image":{"@id":"https:\/\/test-design.kreacija.si\/#\/schema\/logo\/image\/"}}]}},"_links":{"self":[{"href":"https:\/\/test-design.kreacija.si\/index.php?rest_route=\/wp\/v2\/pages\/2494","targetHints":{"allow":["GET"]}}],"collection":[{"href":"https:\/\/test-design.kreacija.si\/index.php?rest_route=\/wp\/v2\/pages"}],"about":[{"href":"https:\/\/test-design.kreacija.si\/index.php?rest_route=\/wp\/v2\/types\/page"}],"author":[{"embeddable":true,"href":"https:\/\/test-design.kreacija.si\/index.php?rest_route=\/wp\/v2\/users\/1"}],"replies":[{"embeddable":true,"href":"https:\/\/test-design.kreacija.si\/index.php?rest_route=%2Fwp%2Fv2%2Fcomments&post=2494"}],"version-history":[{"count":36,"href":"https:\/\/test-design.kreacija.si\/index.php?rest_route=\/wp\/v2\/pages\/2494\/revisions"}],"predecessor-version":[{"id":3033,"href":"https:\/\/test-design.kreacija.si\/index.php?rest_route=\/wp\/v2\/pages\/2494\/revisions\/3033"}],"wp:attachment":[{"href":"https:\/\/test-design.kreacija.si\/index.php?rest_route=%2Fwp%2Fv2%2Fmedia&parent=2494"}],"curies":[{"name":"wp","href":"https:\/\/api.w.org\/{rel}","templated":true}]}}